{"id":3,"date":"2021-03-05T13:16:42","date_gmt":"2021-03-05T12:16:42","guid":{"rendered":"http:\/\/irreverent.info\/?page_id=3"},"modified":"2021-03-15T16:03:49","modified_gmt":"2021-03-15T16:03:49","slug":"privacy","status":"publish","type":"page","link":"https:\/\/irreverent.info\/index.php\/privacy\/","title":{"rendered":"Privacy"},"content":{"rendered":"<p>[et_pb_section fb_built=&#8221;1&#8243; _builder_version=&#8221;3.22&#8243;][et_pb_row _builder_version=&#8221;4.9.1&#8243; background_size=&#8221;initial&#8221; background_position=&#8221;top_left&#8221; background_repeat=&#8221;repeat&#8221; custom_padding=&#8221;|5%||5%|false|true&#8221;][et_pb_column type=&#8221;4_4&#8243; _builder_version=&#8221;3.25&#8243; custom_padding=&#8221;|||&#8221; custom_padding__hover=&#8221;|||&#8221;][et_pb_text _builder_version=&#8221;4.9.1&#8243; background_size=&#8221;initial&#8221; background_position=&#8221;top_left&#8221; background_repeat=&#8221;repeat&#8221; hover_enabled=&#8221;0&#8243; sticky_enabled=&#8221;0&#8243;]<\/p>\n<h1>Politica sulla riservatezza<\/h1>\n<p>&nbsp;<\/p>\n<p>Questa politica spiega quali tipi di informazioni personali verranno raccolte quando visiti il \u200b\u200bsito web dell&#8217;Interpersonal Mindfulness Centre e come verranno utilizzate queste informazioni. Si prega di notare che questa politica si applica alle pagine web principali di The Irreverent (cio\u00e8 quelle in <a href=\"https:\/\/irreverent.info\">www.irreverent.info<\/a>). Se si segue un collegamento a qualsiasi altro sito web, verificare le loro politiche prima di inviare qualsiasi informazione personale a tali siti web.<\/p>\n<h3>Informazioni raccolte<\/h3>\n<p>In alcune parti del sito web, \u00e8 possibile che venga richiesto di fornire alcune informazioni personali limitate al fine di consentire la fornitura di determinati servizi. The Irreverent pu\u00f2 memorizzare queste informazioni manualmente o elettronicamente. Fornendo queste informazioni si acconsente alla detenzione delle informazioni e ad utilizzarle per le finalit\u00e0 per le quali sono state fornite. Le informazioni fornite saranno conservate per il tempo necessario a soddisfare tale scopo.<\/p>\n<p>Potremmo anche raccogliere informazioni sul tuo computer, incluso, se disponibile, il tuo indirizzo IP, sistema operativo e tipo di browser, per l&#8217;amministrazione del sistema e per segnalare informazioni aggregate alla nostra funzione di servizi digitali. Si tratta di dati statistici sulle azioni e sui modelli di navigazione dei nostri utenti che non identificano alcun individuo e ci consentono di garantire che i contenuti del nostro sito siano presentati nel modo pi\u00f9 efficace per te e per il tuo computer.<\/p>\n<h3>Come vengono utilizzate le informazioni raccolte<\/h3>\n<p>Le informazioni personali fornite a The Irreverent da te verranno utilizzate solo per gli scopi dichiarati al momento della richiesta delle informazioni. Le informazioni personali non saranno vendute a terzi o fornite a societ\u00e0 di marketing diretto o altre organizzazioni simili senza il tuo permesso. Le informazioni personali raccolte e \/ o elaborate da The Irreverent sono conservate in conformit\u00e0 con le disposizioni del Regolamento generale sulla protezione dei dati (UE) 2016\/679 (GDPR) e del Data Protection Act 2018. Possono essere raccolte informazioni demografiche e statistiche sul comportamento degli utenti e utilizzato per analizzare la popolarit\u00e0 e l&#8217;efficacia del sito web di The Irreverent. Qualsiasi divulgazione di queste informazioni avverr\u00e0 in forma aggregata e non identificher\u00e0 i singoli utenti.<\/p>\n<h3>Come utilizziamo i &#8220;cookies&#8221;<\/h3>\n<p>La maggior parte delle nostre pagine web utilizza &#8220;cookies&#8221;. Un cookie \u00e8 un piccolo file di lettere e numeri che inseriamo sul tuo computer o dispositivo mobile se sei d&#8217;accordo. Questi cookies ci consentono di distinguerti dagli altri utenti del nostro sito web, il che ci aiuta a fornirti una buona esperienza quando navighi nel nostro sito web e ci consente anche di migliorare il nostro sito web. Per informazioni pi\u00f9 dettagliate sui cookies che utilizziamo sulle principali pagine web di The Irreverent (ovvero quelle in irreverent.info) e sugli scopi per i quali li utilizziamo, consultare la nostra <a href=\"https:\/\/irreverent.info\/index.php\/cookies\/\">Dichiarazione sui cookies<\/a>. Fare riferimento alle singole pagine web per ulteriori informazioni sull&#8217;uso dei cookies su altre pagine web del dominio irreverent.info.<\/p>\n<h3>Accesso alle informazioni<\/h3>\n<p>Le disposizioni del Regolamento generale sulla protezione dei dati (UE) 2016\/679 (GDPR) e del Data Protection Act 2018 ti danno il diritto di accedere alle informazioni che ti riguardano. Per ulteriori informazioni su questo diritto e su come esercitarlo, consultare la Politica sulla protezione dei dati di The Irreverent.<\/p>\n<p>Modifiche alla nostra politica sulla privacy<\/p>\n<p>Eventuali modifiche che potremmo apportare alla nostra Informativa sulla privacy in futuro saranno pubblicate su questa pagina e, se del caso, notificate all&#8217;utente tramite e-mail.<\/p>\n<h3>Collegamenti<\/h3>\n<p>Questo sito web contiene collegamenti ad altri siti. Si prega di essere consapevoli del fatto che The Irreverent non rivendica alcuna responsabilit\u00e0 per le pratiche sulla privacy di tali altri siti. The Irreverent incoraggia gli utenti a essere consapevoli e leggere le dichiarazioni sulla privacy di ogni sito web che raccoglie informazioni di identificazione personale. La presente informativa sulla privacy si applica esclusivamente alle informazioni raccolte da questo sito web.<\/p>\n<h3>Contatti<\/h3>\n<p>Qualsiasi domanda o dubbio sulla privacy su questo sito web deve essere inviato tramite e-mail a <a href=\"mailto:\">hal@irreverent.info<\/a><\/p>\n<p>[\/et_pb_text][\/et_pb_column][\/et_pb_row][\/et_pb_section]<\/p>\n","protected":false},"excerpt":{"rendered":"<p>[et_pb_section fb_built=&#8221;1&#8243; _builder_version=&#8221;3.22&#8243;][et_pb_row _builder_version=&#8221;4.9.1&#8243; background_size=&#8221;initial&#8221; background_position=&#8221;top_left&#8221; background_repeat=&#8221;repeat&#8221; custom_padding=&#8221;|5%||5%|false|true&#8221;][et_pb_column type=&#8221;4_4&#8243; _builder_version=&#8221;3.25&#8243; custom_padding=&#8221;|||&#8221; custom_padding__hover=&#8221;|||&#8221;][et_pb_text _builder_version=&#8221;4.9.1&#8243; background_size=&#8221;initial&#8221; background_position=&#8221;top_left&#8221; background_repeat=&#8221;repeat&#8221; hover_enabled=&#8221;0&#8243; sticky_enabled=&#8221;0&#8243;] Politica sulla riservatezza &nbsp; Questa politica spiega quali tipi di informazioni personali verranno raccolte quando visiti il \u200b\u200bsito web dell&#8217;Interpersonal Mindfulness Centre e come verranno utilizzate queste informazioni. Si prega di notare che questa politica si applica [&hellip;]<\/p>\n","protected":false},"author":1,"featured_media":0,"parent":0,"menu_order":0,"comment_status":"closed","ping_status":"open","template":"","meta":{"_et_pb_use_builder":"on","_et_pb_old_content":"<!-- wp:heading -->\r\n<h2>Qui sommes-nous\u00a0?<\/h2>\r\n<!-- \/wp:heading --><!-- wp:paragraph -->\r\n<p>L\u2019adresse de notre site Web est\u00a0: http:\/\/irreverent.info.<\/p>\r\n<!-- \/wp:paragraph --><!-- wp:heading -->\r\n<h2>Utilisation des donn\u00e9es personnelles collect\u00e9es<\/h2>\r\n<!-- \/wp:heading --><!-- wp:heading {\"level\":3} -->\r\n<h3>Commentaires<\/h3>\r\n<!-- \/wp:heading --><!-- wp:paragraph -->\r\n<p>Quand vous laissez un commentaire sur notre site web, les donn\u00e9es inscrites dans le formulaire de commentaire, mais aussi votre adresse IP et l\u2019agent utilisateur de votre navigateur sont collect\u00e9s pour nous aider \u00e0 la d\u00e9tection des commentaires ind\u00e9sirables.<\/p>\r\n<!-- \/wp:paragraph --><!-- wp:paragraph -->\r\n<p>Une cha\u00eene anonymis\u00e9e cr\u00e9\u00e9e \u00e0 partir de votre adresse de messagerie (\u00e9galement appel\u00e9e hash) peut \u00eatre envoy\u00e9e au service Gravatar pour v\u00e9rifier si vous utilisez ce dernier. Les clauses de confidentialit\u00e9 du service Gravatar sont disponibles ici\u00a0: https:\/\/automattic.com\/privacy\/. Apr\u00e8s validation de votre commentaire, votre photo de profil sera visible publiquement \u00e0 cot\u00e9 de votre commentaire.<\/p>\r\n<!-- \/wp:paragraph --><!-- wp:heading {\"level\":3} -->\r\n<h3>M\u00e9dias<\/h3>\r\n<!-- \/wp:heading --><!-- wp:paragraph -->\r\n<p>Si vous \u00eates un utilisateur ou une utilisatrice enregistr\u00e9\u00b7e et que vous t\u00e9l\u00e9versez des images sur le site web, nous vous conseillons d\u2019\u00e9viter de t\u00e9l\u00e9verser des images contenant des donn\u00e9es EXIF de coordonn\u00e9es GPS. Les visiteurs de votre site web peuvent t\u00e9l\u00e9charger et extraire des donn\u00e9es de localisation depuis ces images.<\/p>\r\n<!-- \/wp:paragraph --><!-- wp:heading {\"level\":3} -->\r\n<h3>Formulaires de contact<\/h3>\r\n<!-- \/wp:heading --><!-- wp:heading {\"level\":3} -->\r\n<h3>Cookies<\/h3>\r\n<!-- \/wp:heading --><!-- wp:paragraph -->\r\n<p>Si vous d\u00e9posez un commentaire sur notre site, il vous sera propos\u00e9 d\u2019enregistrer votre nom, adresse de messagerie et site web dans des cookies. C\u2019est uniquement pour votre confort afin de ne pas avoir \u00e0 saisir ces informations si vous d\u00e9posez un autre commentaire plus tard. Ces cookies expirent au bout d\u2019un an.<\/p>\r\n<!-- \/wp:paragraph --><!-- wp:paragraph -->\r\n<p>Si vous vous rendez sur la page de connexion, un cookie temporaire sera cr\u00e9\u00e9 afin de d\u00e9terminer si votre navigateur accepte les cookies. Il ne contient pas de donn\u00e9es personnelles et sera supprim\u00e9 automatiquement \u00e0 la fermeture de votre navigateur.<\/p>\r\n<!-- \/wp:paragraph --><!-- wp:paragraph -->\r\n<p>Lorsque vous vous connecterez, nous mettrons en place un certain nombre de cookies pour enregistrer vos informations de connexion et vos pr\u00e9f\u00e9rences d\u2019\u00e9cran. La dur\u00e9e de vie d\u2019un cookie de connexion est de deux jours, celle d\u2019un cookie d\u2019option d\u2019\u00e9cran est d\u2019un an. Si vous cochez \u00ab\u00a0Se souvenir de moi\u00a0\u00bb, votre cookie de connexion sera conserv\u00e9 pendant deux semaines. Si vous vous d\u00e9connectez de votre compte, le cookie de connexion sera effac\u00e9.<\/p>\r\n<!-- \/wp:paragraph --><!-- wp:paragraph -->\r\n<p>En modifiant ou en publiant une publication, un cookie suppl\u00e9mentaire sera enregistr\u00e9 dans votre navigateur. Ce cookie ne comprend aucune donn\u00e9e personnelle. Il indique simplement l\u2019ID de la publication que vous venez de modifier. Il expire au bout d\u2019un jour.<\/p>\r\n<!-- \/wp:paragraph --><!-- wp:heading {\"level\":3} -->\r\n<h3>Contenu embarqu\u00e9 depuis d\u2019autres sites<\/h3>\r\n<!-- \/wp:heading --><!-- wp:paragraph -->\r\n<p>Les articles de ce site peuvent inclure des contenus int\u00e9gr\u00e9s (par exemple des vid\u00e9os, images, articles\u2026). Le contenu int\u00e9gr\u00e9 depuis d\u2019autres sites se comporte de la m\u00eame mani\u00e8re que si le visiteur se rendait sur cet autre site.<\/p>\r\n<!-- \/wp:paragraph --><!-- wp:paragraph -->\r\n<p>Ces sites web pourraient collecter des donn\u00e9es sur vous, utiliser des cookies, embarquer des outils de suivis tiers, suivre vos interactions avec ces contenus embarqu\u00e9s si vous disposez d\u2019un compte connect\u00e9 sur leur site web.<\/p>\r\n<!-- \/wp:paragraph --><!-- wp:heading {\"level\":3} -->\r\n<h3>Statistiques et mesures d\u2019audience<\/h3>\r\n<!-- \/wp:heading --><!-- wp:heading -->\r\n<h2>Utilisation et transmission de vos donn\u00e9es personnelles<\/h2>\r\n<!-- \/wp:heading --><!-- wp:heading -->\r\n<h2>Dur\u00e9es de stockage de vos donn\u00e9es<\/h2>\r\n<!-- \/wp:heading --><!-- wp:paragraph -->\r\n<p>Si vous laissez un commentaire, le commentaire et ses m\u00e9tadonn\u00e9es sont conserv\u00e9s ind\u00e9finiment. Cela permet de reconna\u00eetre et approuver automatiquement les commentaires suivants au lieu de les laisser dans la file de mod\u00e9ration.<\/p>\r\n<!-- \/wp:paragraph --><!-- wp:paragraph -->\r\n<p>Pour les utilisateurs et utilisatrices qui s\u2019inscrivent sur notre site (si cela est possible), nous stockons \u00e9galement les donn\u00e9es personnelles indiqu\u00e9es dans leur profil. Tous les utilisateurs et utilisatrices peuvent voir, modifier ou supprimer leurs informations personnelles \u00e0 tout moment (\u00e0 l\u2019exception de leur nom d\u2019utilisateur\u00b7ice). Les gestionnaires du site peuvent aussi voir et modifier ces informations.<\/p>\r\n<!-- \/wp:paragraph --><!-- wp:heading -->\r\n<h2>Les droits que vous avez sur vos donn\u00e9es<\/h2>\r\n<!-- \/wp:heading --><!-- wp:paragraph -->\r\n<p>Si vous avez un compte ou si vous avez laiss\u00e9 des commentaires sur le site, vous pouvez demander \u00e0 recevoir un fichier contenant toutes les donn\u00e9es personnelles que nous poss\u00e9dons \u00e0 votre sujet, incluant celles que vous nous avez fournies. Vous pouvez \u00e9galement demander la suppression des donn\u00e9es personnelles vous concernant. Cela ne prend pas en compte les donn\u00e9es stock\u00e9es \u00e0 des fins administratives, l\u00e9gales ou pour des raisons de s\u00e9curit\u00e9.<\/p>\r\n<!-- \/wp:paragraph --><!-- wp:heading -->\r\n<h2>Transmission de vos donn\u00e9es personnelles<\/h2>\r\n<!-- \/wp:heading --><!-- wp:paragraph -->\r\n<p>Les commentaires des visiteurs peuvent \u00eatre v\u00e9rifi\u00e9s \u00e0 l\u2019aide d\u2019un service automatis\u00e9 de d\u00e9tection des commentaires ind\u00e9sirables.<\/p>\r\n<!-- \/wp:paragraph --><!-- wp:heading -->\r\n<h2>Informations de contact<\/h2>\r\n<!-- \/wp:heading --><!-- wp:heading -->\r\n<h2>Informations suppl\u00e9mentaires<\/h2>\r\n<!-- \/wp:heading --><!-- wp:heading {\"level\":3} -->\r\n<h3>Comment nous prot\u00e9geons vos donn\u00e9es<\/h3>\r\n<!-- \/wp:heading --><!-- wp:heading {\"level\":3} -->\r\n<h3>Proc\u00e9dures mises en \u0153uvre en cas de fuite de donn\u00e9es<\/h3>\r\n<!-- \/wp:heading --><!-- wp:heading {\"level\":3} -->\r\n<h3>Les services tiers qui nous transmettent des donn\u00e9es<\/h3>\r\n<!-- \/wp:heading --><!-- wp:heading {\"level\":3} -->\r\n<h3>Op\u00e9rations de marketing automatis\u00e9 et\/ou de profilage r\u00e9alis\u00e9es \u00e0 l\u2019aide des donn\u00e9es personnelles<\/h3>\r\n<!-- \/wp:heading --><!-- wp:heading {\"level\":3} -->\r\n<h3>Affichage des informations li\u00e9es aux secteurs soumis \u00e0 des r\u00e9gulations sp\u00e9cifiques<\/h3>\r\n<!-- \/wp:heading -->","_et_gb_content_width":"","footnotes":""},"class_list":["post-3","page","type-page","status-publish","hentry"],"yoast_head":"<!-- This site is optimized with the Yoast SEO plugin v27.4 - https:\/\/yoast.com\/product\/yoast-seo-wordpress\/ -->\n<title>Privacy - The Irreverent<\/title>\n<meta name=\"robots\" content=\"index, follow, max-snippet:-1, max-image-preview:large, max-video-preview:-1\" \/>\n<link rel=\"canonical\" href=\"https:\/\/irreverent.info\/index.php\/privacy\/\" \/>\n<meta property=\"og:locale\" content=\"it_IT\" \/>\n<meta property=\"og:type\" content=\"article\" \/>\n<meta property=\"og:title\" content=\"Privacy - The Irreverent\" \/>\n<meta property=\"og:description\" content=\"[et_pb_section fb_built=&#8221;1&#8243; _builder_version=&#8221;3.22&#8243;][et_pb_row _builder_version=&#8221;4.9.1&#8243; background_size=&#8221;initial&#8221; background_position=&#8221;top_left&#8221; background_repeat=&#8221;repeat&#8221; custom_padding=&#8221;|5%||5%|false|true&#8221;][et_pb_column type=&#8221;4_4&#8243; _builder_version=&#8221;3.25&#8243; custom_padding=&#8221;|||&#8221; custom_padding__hover=&#8221;|||&#8221;][et_pb_text _builder_version=&#8221;4.9.1&#8243; background_size=&#8221;initial&#8221; background_position=&#8221;top_left&#8221; background_repeat=&#8221;repeat&#8221; hover_enabled=&#8221;0&#8243; sticky_enabled=&#8221;0&#8243;] Politica sulla riservatezza &nbsp; Questa politica spiega quali tipi di informazioni personali verranno raccolte quando visiti il \u200b\u200bsito web dell&#8217;Interpersonal Mindfulness Centre e come verranno utilizzate queste informazioni. Si prega di notare che questa politica si applica [&hellip;]\" \/>\n<meta property=\"og:url\" content=\"https:\/\/irreverent.info\/index.php\/privacy\/\" \/>\n<meta property=\"og:site_name\" content=\"The Irreverent\" \/>\n<meta property=\"article:modified_time\" content=\"2021-03-15T16:03:49+00:00\" \/>\n<meta name=\"twitter:card\" content=\"summary_large_image\" \/>\n<meta name=\"twitter:label1\" content=\"Tempo di lettura stimato\" \/>\n\t<meta name=\"twitter:data1\" content=\"4 minuti\" \/>\n<script type=\"application\/ld+json\" class=\"yoast-schema-graph\">{\"@context\":\"https:\\\/\\\/schema.org\",\"@graph\":[{\"@type\":\"WebPage\",\"@id\":\"https:\\\/\\\/irreverent.info\\\/index.php\\\/privacy\\\/\",\"url\":\"https:\\\/\\\/irreverent.info\\\/index.php\\\/privacy\\\/\",\"name\":\"Privacy - The Irreverent\",\"isPartOf\":{\"@id\":\"https:\\\/\\\/irreverent.info\\\/#website\"},\"datePublished\":\"2021-03-05T12:16:42+00:00\",\"dateModified\":\"2021-03-15T16:03:49+00:00\",\"breadcrumb\":{\"@id\":\"https:\\\/\\\/irreverent.info\\\/index.php\\\/privacy\\\/#breadcrumb\"},\"inLanguage\":\"it-IT\",\"potentialAction\":[{\"@type\":\"ReadAction\",\"target\":[\"https:\\\/\\\/irreverent.info\\\/index.php\\\/privacy\\\/\"]}]},{\"@type\":\"BreadcrumbList\",\"@id\":\"https:\\\/\\\/irreverent.info\\\/index.php\\\/privacy\\\/#breadcrumb\",\"itemListElement\":[{\"@type\":\"ListItem\",\"position\":1,\"name\":\"Home\",\"item\":\"https:\\\/\\\/irreverent.info\\\/\"},{\"@type\":\"ListItem\",\"position\":2,\"name\":\"Privacy\"}]},{\"@type\":\"WebSite\",\"@id\":\"https:\\\/\\\/irreverent.info\\\/#website\",\"url\":\"https:\\\/\\\/irreverent.info\\\/\",\"name\":\"The Irreverent\",\"description\":\"Recensioni di Film e Serie tv\",\"publisher\":{\"@id\":\"https:\\\/\\\/irreverent.info\\\/#organization\"},\"potentialAction\":[{\"@type\":\"SearchAction\",\"target\":{\"@type\":\"EntryPoint\",\"urlTemplate\":\"https:\\\/\\\/irreverent.info\\\/?s={search_term_string}\"},\"query-input\":{\"@type\":\"PropertyValueSpecification\",\"valueRequired\":true,\"valueName\":\"search_term_string\"}}],\"inLanguage\":\"it-IT\"},{\"@type\":\"Organization\",\"@id\":\"https:\\\/\\\/irreverent.info\\\/#organization\",\"name\":\"The Irreverent\",\"url\":\"https:\\\/\\\/irreverent.info\\\/\",\"logo\":{\"@type\":\"ImageObject\",\"inLanguage\":\"it-IT\",\"@id\":\"https:\\\/\\\/irreverent.info\\\/#\\\/schema\\\/logo\\\/image\\\/\",\"url\":\"https:\\\/\\\/irreverent.info\\\/wp-content\\\/uploads\\\/2021\\\/03\\\/cropped-irreverent-favicon-cat.png\",\"contentUrl\":\"https:\\\/\\\/irreverent.info\\\/wp-content\\\/uploads\\\/2021\\\/03\\\/cropped-irreverent-favicon-cat.png\",\"width\":512,\"height\":512,\"caption\":\"The Irreverent\"},\"image\":{\"@id\":\"https:\\\/\\\/irreverent.info\\\/#\\\/schema\\\/logo\\\/image\\\/\"}}]}<\/script>\n<!-- \/ Yoast SEO plugin. -->","yoast_head_json":{"title":"Privacy - The Irreverent","robots":{"index":"index","follow":"follow","max-snippet":"max-snippet:-1","max-image-preview":"max-image-preview:large","max-video-preview":"max-video-preview:-1"},"canonical":"https:\/\/irreverent.info\/index.php\/privacy\/","og_locale":"it_IT","og_type":"article","og_title":"Privacy - The Irreverent","og_description":"[et_pb_section fb_built=&#8221;1&#8243; _builder_version=&#8221;3.22&#8243;][et_pb_row _builder_version=&#8221;4.9.1&#8243; background_size=&#8221;initial&#8221; background_position=&#8221;top_left&#8221; background_repeat=&#8221;repeat&#8221; custom_padding=&#8221;|5%||5%|false|true&#8221;][et_pb_column type=&#8221;4_4&#8243; _builder_version=&#8221;3.25&#8243; custom_padding=&#8221;|||&#8221; custom_padding__hover=&#8221;|||&#8221;][et_pb_text _builder_version=&#8221;4.9.1&#8243; background_size=&#8221;initial&#8221; background_position=&#8221;top_left&#8221; background_repeat=&#8221;repeat&#8221; hover_enabled=&#8221;0&#8243; sticky_enabled=&#8221;0&#8243;] Politica sulla riservatezza &nbsp; Questa politica spiega quali tipi di informazioni personali verranno raccolte quando visiti il \u200b\u200bsito web dell&#8217;Interpersonal Mindfulness Centre e come verranno utilizzate queste informazioni. Si prega di notare che questa politica si applica [&hellip;]","og_url":"https:\/\/irreverent.info\/index.php\/privacy\/","og_site_name":"The Irreverent","article_modified_time":"2021-03-15T16:03:49+00:00","twitter_card":"summary_large_image","twitter_misc":{"Tempo di lettura stimato":"4 minuti"},"schema":{"@context":"https:\/\/schema.org","@graph":[{"@type":"WebPage","@id":"https:\/\/irreverent.info\/index.php\/privacy\/","url":"https:\/\/irreverent.info\/index.php\/privacy\/","name":"Privacy - The Irreverent","isPartOf":{"@id":"https:\/\/irreverent.info\/#website"},"datePublished":"2021-03-05T12:16:42+00:00","dateModified":"2021-03-15T16:03:49+00:00","breadcrumb":{"@id":"https:\/\/irreverent.info\/index.php\/privacy\/#breadcrumb"},"inLanguage":"it-IT","potentialAction":[{"@type":"ReadAction","target":["https:\/\/irreverent.info\/index.php\/privacy\/"]}]},{"@type":"BreadcrumbList","@id":"https:\/\/irreverent.info\/index.php\/privacy\/#breadcrumb","itemListElement":[{"@type":"ListItem","position":1,"name":"Home","item":"https:\/\/irreverent.info\/"},{"@type":"ListItem","position":2,"name":"Privacy"}]},{"@type":"WebSite","@id":"https:\/\/irreverent.info\/#website","url":"https:\/\/irreverent.info\/","name":"The Irreverent","description":"Recensioni di Film e Serie tv","publisher":{"@id":"https:\/\/irreverent.info\/#organization"},"potentialAction":[{"@type":"SearchAction","target":{"@type":"EntryPoint","urlTemplate":"https:\/\/irreverent.info\/?s={search_term_string}"},"query-input":{"@type":"PropertyValueSpecification","valueRequired":true,"valueName":"search_term_string"}}],"inLanguage":"it-IT"},{"@type":"Organization","@id":"https:\/\/irreverent.info\/#organization","name":"The Irreverent","url":"https:\/\/irreverent.info\/","logo":{"@type":"ImageObject","inLanguage":"it-IT","@id":"https:\/\/irreverent.info\/#\/schema\/logo\/image\/","url":"https:\/\/irreverent.info\/wp-content\/uploads\/2021\/03\/cropped-irreverent-favicon-cat.png","contentUrl":"https:\/\/irreverent.info\/wp-content\/uploads\/2021\/03\/cropped-irreverent-favicon-cat.png","width":512,"height":512,"caption":"The Irreverent"},"image":{"@id":"https:\/\/irreverent.info\/#\/schema\/logo\/image\/"}}]}},"_links":{"self":[{"href":"https:\/\/irreverent.info\/index.php\/wp-json\/wp\/v2\/pages\/3","targetHints":{"allow":["GET"]}}],"collection":[{"href":"https:\/\/irreverent.info\/index.php\/wp-json\/wp\/v2\/pages"}],"about":[{"href":"https:\/\/irreverent.info\/index.php\/wp-json\/wp\/v2\/types\/page"}],"author":[{"embeddable":true,"href":"https:\/\/irreverent.info\/index.php\/wp-json\/wp\/v2\/users\/1"}],"replies":[{"embeddable":true,"href":"https:\/\/irreverent.info\/index.php\/wp-json\/wp\/v2\/comments?post=3"}],"version-history":[{"count":0,"href":"https:\/\/irreverent.info\/index.php\/wp-json\/wp\/v2\/pages\/3\/revisions"}],"wp:attachment":[{"href":"https:\/\/irreverent.info\/index.php\/wp-json\/wp\/v2\/media?parent=3"}],"curies":[{"name":"wp","href":"https:\/\/api.w.org\/{rel}","templated":true}]}}